{"id":99,"date":"2024-12-13T20:32:44","date_gmt":"2024-12-13T20:32:44","guid":{"rendered":"https:\/\/cursosparainiciantes.com.br\/?page_id=99"},"modified":"2024-12-13T20:32:46","modified_gmt":"2024-12-13T20:32:46","slug":"about","status":"publish","type":"page","link":"https:\/\/cursosparainiciantes.com.br\/es\/about\/","title":{"rendered":"En"},"content":{"rendered":"<div class=\"mx-5 sm:mx-0 prose leading-relaxed text-lg mb-5 text-left wp-paragraph\">\n<p>Bienvenido a Cursos para Principiantes, nuestro espacio dedicado a ofrecer consejos valiosos, conocimientos sobre carreras y educaci\u00f3n, orientaci\u00f3n para el desarrollo personal y consejos pr\u00e1cticos para la vida cotidiana.<\/p>\n<\/div><div class=\"mx-5 sm:mx-0 prose leading-relaxed text-lg mb-5 text-left wp-paragraph\">\n<p>Nuestro sitio web es una fuente confiable para quienes buscan mejorar, desde el inicio de los estudios hasta el \u00e9xito en el mercado laboral. <\/p>\n<\/div><div class=\"mx-5 sm:mx-0 prose leading-relaxed text-lg mb-5 text-left wp-paragraph\">\n<p>Tambi\u00e9n exploramos el mundo de las aplicaciones y tendencias, aportando an\u00e1lisis, novedades y curiosidades que facilitan tu rutina y ampl\u00edan tus conocimientos.<\/p>\n<\/div><div class=\"mx-5 sm:mx-0 prose leading-relaxed text-lg mb-5 text-left wp-paragraph\">\n<p>Queremos ser su socio en la construcci\u00f3n de una carrera exitosa y su desarrollo personal al ofrecer contenido relevante, inspirador y accesible que pueda impulsar su trayectoria de aprendizaje.<\/p>\n<\/div><div class=\"mx-5 sm:mx-0 prose leading-relaxed text-lg mb-5 text-left wp-paragraph\">\n<p>\u00danase a nosotros en esta aventura de descubrimiento y crecimiento, donde el conocimiento se encuentra con la pr\u00e1ctica para enriquecer cada aspecto de su vida.<\/p>\n<\/div><div class=\"mx-5 sm:mx-0 prose leading-relaxed text-lg mb-5 text-left wp-paragraph\">\n<p>\u00a1Ay\u00fadanos a mejorar!<\/p>\n<\/div><div class=\"mx-5 sm:mx-0 prose leading-relaxed text-lg mb-5 text-left wp-paragraph\">\n<p>\u00a1Tus ideas, comentarios y sugerencias son siempre bienvenidas en Cursos para Principiantes! <\/p>\n<\/div><div class=\"mx-5 sm:mx-0 prose leading-relaxed text-lg mb-5 text-left wp-paragraph\">\n<p>Para contactarnos, env\u00ede su mensaje mediante el formulario disponible en <a style=\" color:;\" href=\"https:\/\/cursosparainiciantes.com.br\/es\/contact\/\">https:\/\/cursosparainiciantes.com.br\/contact<\/a><\/p>\n<\/div>","protected":false},"excerpt":{"rendered":"<p>Bienvenido a Cursos para Principiantes, nuestro espacio dedicado a ofrecer valiosos consejos, perspectivas sobre carreras profesionales y educaci\u00f3n, orientaci\u00f3n para el desarrollo personal y consejos pr\u00e1cticos para la vida diaria. Nuestro sitio web es una fuente confiable para quienes buscan mejorar, desde el inicio de sus estudios hasta el \u00e9xito en el mercado laboral. Tambi\u00e9n exploramos el universo de\u2026 <a class=\"more-link\" href=\"https:\/\/cursosparainiciantes.com.br\/es\/about\/\">Sigue leyendo <span class=\"screen-reader-text\">En<\/span><\/a><\/p>","protected":false},"author":79,"featured_media":0,"parent":0,"menu_order":0,"comment_status":"closed","ping_status":"closed","template":"","meta":{"footnotes":""},"yoast_head":"<!-- This site is optimized with the Yoast SEO plugin v23.3 - https:\/\/yoast.com\/wordpress\/plugins\/seo\/ -->\n<title>Sobre - Cursos para iniciantes<\/title>\n<meta name=\"robots\" content=\"index, follow, max-snippet:-1, max-image-preview:large, max-video-preview:-1\" \/>\n<link rel=\"canonical\" href=\"https:\/\/cursosparainiciantes.com.br\/es\/about\/\" \/>\n<meta property=\"og:locale\" content=\"es_MX\" \/>\n<meta property=\"og:type\" content=\"article\" \/>\n<meta property=\"og:title\" content=\"Sobre - Cursos para iniciantes\" \/>\n<meta property=\"og:description\" content=\"Bem-vindo ao Cursos para Iniciantes, nosso espa\u00e7o dedicado a oferecer dicas valiosas, insights sobre carreira e educa\u00e7\u00e3o, orienta\u00e7\u00f5es para desenvolvimento pessoal e dicas pr\u00e1ticas para o dia a dia. Nosso site \u00e9 uma fonte confi\u00e1vel para quem busca aprimoramento, desde o in\u00edcio dos estudos at\u00e9 o sucesso no mercado de trabalho. Exploramos tamb\u00e9m o universo&hellip; Continue reading Sobre\" \/>\n<meta property=\"og:url\" content=\"https:\/\/cursosparainiciantes.com.br\/es\/about\/\" \/>\n<meta property=\"og:site_name\" content=\"Cursos para iniciantes\" \/>\n<meta property=\"article:modified_time\" content=\"2024-12-13T20:32:46+00:00\" \/>\n<meta name=\"twitter:card\" content=\"summary_large_image\" \/>\n<meta name=\"twitter:label1\" content=\"Est. reading time\" \/>\n\t<meta name=\"twitter:data1\" content=\"1 minuto\" \/>\n<script type=\"application\/ld+json\" class=\"yoast-schema-graph\">{\"@context\":\"https:\/\/schema.org\",\"@graph\":[{\"@type\":\"WebPage\",\"@id\":\"https:\/\/cursosparainiciantes.com.br\/about\/\",\"url\":\"https:\/\/cursosparainiciantes.com.br\/about\/\",\"name\":\"Sobre - Cursos para iniciantes\",\"isPartOf\":{\"@id\":\"https:\/\/cursosparainiciantes.com.br\/#website\"},\"datePublished\":\"2024-12-13T20:32:44+00:00\",\"dateModified\":\"2024-12-13T20:32:46+00:00\",\"breadcrumb\":{\"@id\":\"https:\/\/cursosparainiciantes.com.br\/about\/#breadcrumb\"},\"inLanguage\":\"es-MX\",\"potentialAction\":[{\"@type\":\"ReadAction\",\"target\":[\"https:\/\/cursosparainiciantes.com.br\/about\/\"]}]},{\"@type\":\"BreadcrumbList\",\"@id\":\"https:\/\/cursosparainiciantes.com.br\/about\/#breadcrumb\",\"itemListElement\":[{\"@type\":\"ListItem\",\"position\":1,\"name\":\"Home\",\"item\":\"https:\/\/cursosparainiciantes.com.br\/\"},{\"@type\":\"ListItem\",\"position\":2,\"name\":\"Sobre\"}]},{\"@type\":\"WebSite\",\"@id\":\"https:\/\/cursosparainiciantes.com.br\/#website\",\"url\":\"https:\/\/cursosparainiciantes.com.br\/\",\"name\":\"Cursos para iniciantes\",\"description\":\"\",\"publisher\":{\"@id\":\"https:\/\/cursosparainiciantes.com.br\/#organization\"},\"potentialAction\":[{\"@type\":\"SearchAction\",\"target\":{\"@type\":\"EntryPoint\",\"urlTemplate\":\"https:\/\/cursosparainiciantes.com.br\/?s={search_term_string}\"},\"query-input\":\"required name=search_term_string\"}],\"inLanguage\":\"es-MX\"},{\"@type\":\"Organization\",\"@id\":\"https:\/\/cursosparainiciantes.com.br\/#organization\",\"name\":\"Cursos para iniciantes\",\"url\":\"https:\/\/cursosparainiciantes.com.br\/\",\"logo\":{\"@type\":\"ImageObject\",\"inLanguage\":\"es-MX\",\"@id\":\"https:\/\/cursosparainiciantes.com.br\/#\/schema\/logo\/image\/\",\"url\":\"https:\/\/cursosparainiciantes.com.br\/wp-content\/uploads\/sites\/134\/2024\/12\/cropped-logo-curso-para-inciantes.png\",\"contentUrl\":\"https:\/\/cursosparainiciantes.com.br\/wp-content\/uploads\/sites\/134\/2024\/12\/cropped-logo-curso-para-inciantes.png\",\"width\":512,\"height\":512,\"caption\":\"Cursos para iniciantes\"},\"image\":{\"@id\":\"https:\/\/cursosparainiciantes.com.br\/#\/schema\/logo\/image\/\"}}]}<\/script>\n<!-- \/ Yoast SEO plugin. -->","yoast_head_json":{"title":"Sobre - Cursos para iniciantes","robots":{"index":"index","follow":"follow","max-snippet":"max-snippet:-1","max-image-preview":"max-image-preview:large","max-video-preview":"max-video-preview:-1"},"canonical":"https:\/\/cursosparainiciantes.com.br\/es\/about\/","og_locale":"es_MX","og_type":"article","og_title":"Sobre - Cursos para iniciantes","og_description":"Bem-vindo ao Cursos para Iniciantes, nosso espa\u00e7o dedicado a oferecer dicas valiosas, insights sobre carreira e educa\u00e7\u00e3o, orienta\u00e7\u00f5es para desenvolvimento pessoal e dicas pr\u00e1ticas para o dia a dia. Nosso site \u00e9 uma fonte confi\u00e1vel para quem busca aprimoramento, desde o in\u00edcio dos estudos at\u00e9 o sucesso no mercado de trabalho. Exploramos tamb\u00e9m o universo&hellip; Continue reading Sobre","og_url":"https:\/\/cursosparainiciantes.com.br\/es\/about\/","og_site_name":"Cursos para iniciantes","article_modified_time":"2024-12-13T20:32:46+00:00","twitter_card":"summary_large_image","twitter_misc":{"Est. reading time":"1 minuto"},"schema":{"@context":"https:\/\/schema.org","@graph":[{"@type":"WebPage","@id":"https:\/\/cursosparainiciantes.com.br\/about\/","url":"https:\/\/cursosparainiciantes.com.br\/about\/","name":"Sobre - Cursos para iniciantes","isPartOf":{"@id":"https:\/\/cursosparainiciantes.com.br\/#website"},"datePublished":"2024-12-13T20:32:44+00:00","dateModified":"2024-12-13T20:32:46+00:00","breadcrumb":{"@id":"https:\/\/cursosparainiciantes.com.br\/about\/#breadcrumb"},"inLanguage":"es-MX","potentialAction":[{"@type":"ReadAction","target":["https:\/\/cursosparainiciantes.com.br\/about\/"]}]},{"@type":"BreadcrumbList","@id":"https:\/\/cursosparainiciantes.com.br\/about\/#breadcrumb","itemListElement":[{"@type":"ListItem","position":1,"name":"Home","item":"https:\/\/cursosparainiciantes.com.br\/"},{"@type":"ListItem","position":2,"name":"Sobre"}]},{"@type":"WebSite","@id":"https:\/\/cursosparainiciantes.com.br\/#website","url":"https:\/\/cursosparainiciantes.com.br\/","name":"Cursos para iniciantes","description":"","publisher":{"@id":"https:\/\/cursosparainiciantes.com.br\/#organization"},"potentialAction":[{"@type":"SearchAction","target":{"@type":"EntryPoint","urlTemplate":"https:\/\/cursosparainiciantes.com.br\/?s={search_term_string}"},"query-input":"required name=search_term_string"}],"inLanguage":"es-MX"},{"@type":"Organization","@id":"https:\/\/cursosparainiciantes.com.br\/#organization","name":"Cursos para iniciantes","url":"https:\/\/cursosparainiciantes.com.br\/","logo":{"@type":"ImageObject","inLanguage":"es-MX","@id":"https:\/\/cursosparainiciantes.com.br\/#\/schema\/logo\/image\/","url":"https:\/\/cursosparainiciantes.com.br\/wp-content\/uploads\/sites\/134\/2024\/12\/cropped-logo-curso-para-inciantes.png","contentUrl":"https:\/\/cursosparainiciantes.com.br\/wp-content\/uploads\/sites\/134\/2024\/12\/cropped-logo-curso-para-inciantes.png","width":512,"height":512,"caption":"Cursos para iniciantes"},"image":{"@id":"https:\/\/cursosparainiciantes.com.br\/#\/schema\/logo\/image\/"}}]}},"_links":{"self":[{"href":"https:\/\/cursosparainiciantes.com.br\/es\/wp-json\/wp\/v2\/pages\/99"}],"collection":[{"href":"https:\/\/cursosparainiciantes.com.br\/es\/wp-json\/wp\/v2\/pages"}],"about":[{"href":"https:\/\/cursosparainiciantes.com.br\/es\/wp-json\/wp\/v2\/types\/page"}],"author":[{"embeddable":true,"href":"https:\/\/cursosparainiciantes.com.br\/es\/wp-json\/wp\/v2\/users\/79"}],"replies":[{"embeddable":true,"href":"https:\/\/cursosparainiciantes.com.br\/es\/wp-json\/wp\/v2\/comments?post=99"}],"version-history":[{"count":1,"href":"https:\/\/cursosparainiciantes.com.br\/es\/wp-json\/wp\/v2\/pages\/99\/revisions"}],"predecessor-version":[{"id":100,"href":"https:\/\/cursosparainiciantes.com.br\/es\/wp-json\/wp\/v2\/pages\/99\/revisions\/100"}],"wp:attachment":[{"href":"https:\/\/cursosparainiciantes.com.br\/es\/wp-json\/wp\/v2\/media?parent=99"}],"curies":[{"name":"wp","href":"https:\/\/api.w.org\/{rel}","templated":true}]}}