{"id":92,"date":"2024-12-13T20:24:01","date_gmt":"2024-12-13T20:24:01","guid":{"rendered":"https:\/\/cursosparainiciantes.com.br\/?page_id=92"},"modified":"2024-12-13T20:55:49","modified_gmt":"2024-12-13T20:55:49","slug":"privacy","status":"publish","type":"page","link":"https:\/\/cursosparainiciantes.com.br\/en\/privacy\/","title":{"rendered":"Privacy Policy"},"content":{"rendered":"<div class=\"mx-5 sm:mx-0 prose leading-relaxed text-lg mb-5 text-left wp-paragraph\">\n<p><strong>Updated on December 13, 2024<\/strong><\/p>\n<\/div><!--advertisement--><div class=\"mx-5 sm:mx-0 sm:text-3xl text-2xl font-medium title-font mb-4 text-gray-900 text-left\">\n<h2 class=\"wp-block-heading\">Introduction and Summary<\/h2>\n<\/div><div class=\"mx-5 sm:mx-0 prose leading-relaxed text-lg mb-5 text-left wp-paragraph\">\n<p>The Beginners Courses, available at <a style=\" color:;\" href=\"https:\/\/cursosparainiciantes.com.br\/en\/\">https:\/\/cursosparainiciantes.com.br<\/a>, is a platform aimed at disseminating content related to courses, job opportunities, study tips and information about the job market. <\/p>\n<\/div><div class=\"mx-5 sm:mx-0 prose leading-relaxed text-lg mb-5 text-left wp-paragraph\">\n<p>Our goal is to provide valuable information that promotes personal and professional development, as well as facilitating access to relevant services and products for our users.<\/p>\n<\/div><div class=\"mx-5 sm:mx-0 prose leading-relaxed text-lg mb-5 text-left wp-paragraph\">\n<p>The security and privacy of our visitors&#039; personal data is our top priority. We are committed to protecting your information by ensuring that our Privacy Policy is clear and comprehensive.<\/p>\n<\/div><div class=\"mx-5 sm:mx-0 prose leading-relaxed text-lg mb-5 text-left wp-paragraph\">\n<p>For questions or additional clarifications, we recommend that you contact us using the form available at <a style=\" color:;\" href=\"https:\/\/cursosparainiciantes.com.br\/en\/contact\/\">https:\/\/cursosparainiciantes.com.br\/contact<\/a>.<\/p>\n<\/div><div class=\"mx-5 sm:mx-0 prose text-left mb-5\">\n<hr class=\"wp-block-separator has-alpha-channel-opacity\" \/>\n<\/div><!--advertisement--><div class=\"mx-5 sm:mx-0 sm:text-3xl text-2xl font-medium title-font mb-4 text-gray-900 text-left\">\n<h2 class=\"wp-block-heading\">Scope of Privacy Policy<\/h2>\n<\/div><div class=\"mx-5 sm:mx-0 prose leading-relaxed text-lg mb-5 text-left wp-paragraph\">\n<p>Courses for Beginners is an informative platform, without the intention of establishing direct financial contracts with its visitors. <\/p>\n<\/div><div class=\"mx-5 sm:mx-0 prose leading-relaxed text-lg mb-5 text-left wp-paragraph\">\n<p>Our role is to provide educational and inspirational content, as well as promote third-party products and services that are relevant to our audience.<\/p>\n<\/div><div class=\"mx-5 sm:mx-0 prose leading-relaxed text-lg mb-5 text-left wp-paragraph\">\n<p>Commercial interactions carried out by visitors on partner websites occur outside the scope of Courses for Beginners. <\/p>\n<\/div><div class=\"mx-5 sm:mx-0 prose leading-relaxed text-lg mb-5 text-left wp-paragraph\">\n<p>We do not request financial or banking information, and we ask that you inform us if you receive unusual requests for personal information on our behalf.<\/p>\n<\/div><div class=\"mx-5 sm:mx-0 prose text-left mb-5\">\n<hr class=\"wp-block-separator has-alpha-channel-opacity\" \/>\n<\/div><!--advertisement--><div class=\"mx-5 sm:mx-0 sm:text-3xl text-2xl font-medium title-font mb-4 text-gray-900 text-left\">\n<h2 class=\"wp-block-heading\">Consent<\/h2>\n<\/div><div class=\"mx-5 sm:mx-0 prose leading-relaxed text-lg mb-5 text-left wp-paragraph\">\n<p>By accessing Courses for Beginners, you automatically accept the terms of this Privacy Policy. If you do not agree, we suggest that you stop using the site.<\/p>\n<\/div><div class=\"mx-5 sm:mx-0 prose leading-relaxed text-lg mb-5 text-left wp-paragraph\">\n<p>We recommend that this policy be read in conjunction with our Terms of Use, as both define the conditions for the safe use of the website.<\/p>\n<\/div><div class=\"mx-5 sm:mx-0 prose text-left mb-5\">\n<hr class=\"wp-block-separator has-alpha-channel-opacity\" \/>\n<\/div><!--advertisement--><div class=\"mx-5 sm:mx-0 sm:text-3xl text-2xl font-medium title-font mb-4 text-gray-900 text-left\">\n<h2 class=\"wp-block-heading\">I. Data Collected by Us<\/h2>\n<\/div><div class=\"mx-5 sm:mx-0 prose leading-relaxed text-lg mb-5 text-left wp-paragraph\">\n<p><\/p>\n<\/div><!--advertisement--><div class=\"mx-5 sm:mx-0 sm:text-3xl text-2xl font-medium title-font mb-4 text-gray-900 text-left\">\n<h3 class=\"wp-block-heading\">A. Direct Data Collection<\/h3>\n<\/div><div class=\"mx-5 sm:mx-0 prose leading-relaxed text-lg mb-5 text-left wp-paragraph\">\n<p>Visitors do not need to provide personal data to browse the website. However, to access exclusive content or newsletters, we may request information such as name, email and telephone number. This data helps to personalize your experience and improve our services.<\/p>\n<\/div><!--advertisement--><div class=\"mx-5 sm:mx-0 sm:text-3xl text-2xl font-medium title-font mb-4 text-gray-900 text-left\">\n<h3 class=\"wp-block-heading\">B. Automatic Data Collection<\/h3>\n<\/div><div class=\"mx-5 sm:mx-0 prose leading-relaxed text-lg mb-5 text-left wp-paragraph\">\n<p>We use cookies and other technologies to collect non-personal information, such as:<\/p>\n<\/div><div class=\"mx-5 sm:mx-0 prose text-left mb-5\">\n<ul><div class=\"mx-5 sm:mx-0 prose text-left mb-5\">\n<li>IP address;<\/li>\n<\/div>\n\n<div class=\"mx-5 sm:mx-0 prose text-left mb-5\">\n<li>Browser type;<\/li>\n<\/div>\n\n<div class=\"mx-5 sm:mx-0 prose text-left mb-5\">\n<li>Internet Service Provider (ISP);<\/li>\n<\/div>\n\n<div class=\"mx-5 sm:mx-0 prose text-left mb-5\">\n<li>Access time;<\/li>\n<\/div>\n\n<div class=\"mx-5 sm:mx-0 prose text-left mb-5\">\n<li>Pages visited.<\/li>\n<\/div><\/ul>\n<\/div><div class=\"mx-5 sm:mx-0 prose leading-relaxed text-lg mb-5 text-left wp-paragraph\">\n<p>This data allows us to optimize the functionality of the website and offer a personalized experience.<\/p>\n<\/div><!--advertisement--><div class=\"mx-5 sm:mx-0 sm:text-3xl text-2xl font-medium title-font mb-4 text-gray-900 text-left\">\n<h3 class=\"wp-block-heading\">C. Information from External Sources<\/h3>\n<\/div><div class=\"mx-5 sm:mx-0 prose leading-relaxed text-lg mb-5 text-left wp-paragraph\">\n<p>We use tools such as Google Analytics to monitor website performance. We also use Google AdSense and other partners to display relevant advertising, ensuring that ads are tailored to the user profile.<\/p>\n<\/div><div class=\"mx-5 sm:mx-0 prose text-left mb-5\">\n<hr class=\"wp-block-separator has-alpha-channel-opacity\" \/>\n<\/div><!--advertisement--><div class=\"mx-5 sm:mx-0 sm:text-3xl text-2xl font-medium title-font mb-4 text-gray-900 text-left\">\n<h2 class=\"wp-block-heading\">II. Use of Collected Information<\/h2>\n<\/div><div class=\"mx-5 sm:mx-0 prose leading-relaxed text-lg mb-5 text-left wp-paragraph\">\n<p>The information collected is used to:<\/p>\n<\/div><div class=\"mx-5 sm:mx-0 prose text-left mb-5\">\n<ul><div class=\"mx-5 sm:mx-0 prose text-left mb-5\">\n<li>Improve content and services;<\/li>\n<\/div>\n\n<div class=\"mx-5 sm:mx-0 prose text-left mb-5\">\n<li>Personalize browsing experiences;<\/li>\n<\/div>\n\n<div class=\"mx-5 sm:mx-0 prose text-left mb-5\">\n<li>Send newsletters and promotional communications;<\/li>\n<\/div>\n\n<div class=\"mx-5 sm:mx-0 prose text-left mb-5\">\n<li>Ensure website security and prevent fraud.<\/li>\n<\/div><\/ul>\n<\/div><div class=\"mx-5 sm:mx-0 prose text-left mb-5\">\n<hr class=\"wp-block-separator has-alpha-channel-opacity\" \/>\n<\/div><!--advertisement--><div class=\"mx-5 sm:mx-0 sm:text-3xl text-2xl font-medium title-font mb-4 text-gray-900 text-left\">\n<h2 class=\"wp-block-heading\">III. Co Policy<strong>okies<\/strong><\/h2>\n<\/div><div class=\"mx-5 sm:mx-0 prose leading-relaxed text-lg mb-5 text-left wp-paragraph\">\n<p><\/p>\n<\/div><!--advertisement--><div class=\"mx-5 sm:mx-0 sm:text-3xl text-2xl font-medium title-font mb-4 text-gray-900 text-left\">\n<h3 class=\"wp-block-heading\">What are cookies?<\/h3>\n<\/div><div class=\"mx-5 sm:mx-0 prose leading-relaxed text-lg mb-5 text-left wp-paragraph\">\n<p>Cookies are small files stored on your device that help improve your browsing experience. We use cookies to understand your preferences, personalize content and offer improved functionality.<\/p>\n<\/div><!--advertisement--><div class=\"mx-5 sm:mx-0 sm:text-3xl text-2xl font-medium title-font mb-4 text-gray-900 text-left\">\n<h3 class=\"wp-block-heading\">Why do we use cookies?<\/h3>\n<\/div><div class=\"mx-5 sm:mx-0 prose leading-relaxed text-lg mb-5 text-left wp-paragraph\">\n<p>Cookies help to:<\/p>\n<\/div><div class=\"mx-5 sm:mx-0 prose text-left mb-5\">\n<ul><div class=\"mx-5 sm:mx-0 prose text-left mb-5\">\n<li>Remember user preferences;<\/li>\n<\/div>\n\n<div class=\"mx-5 sm:mx-0 prose text-left mb-5\">\n<li>Offer personalized experiences;<\/li>\n<\/div>\n\n<div class=\"mx-5 sm:mx-0 prose text-left mb-5\">\n<li>Monitor and analyze website performance;<\/li>\n<\/div>\n\n<div class=\"mx-5 sm:mx-0 prose text-left mb-5\">\n<li>Display relevant advertising.<\/li>\n<\/div><\/ul>\n<\/div><!--advertisement--><div class=\"mx-5 sm:mx-0 sm:text-3xl text-2xl font-medium title-font mb-4 text-gray-900 text-left\">\n<h3 class=\"wp-block-heading\">How to manage cookies?<\/h3>\n<\/div><div class=\"mx-5 sm:mx-0 prose leading-relaxed text-lg mb-5 text-left wp-paragraph\">\n<p>You can adjust your browser settings to block or delete cookies. However, this may affect the functionality of the site. We recommend that you keep cookies enabled for the full experience.<\/p>\n<\/div><!--advertisement--><div class=\"mx-5 sm:mx-0 sm:text-3xl text-2xl font-medium title-font mb-4 text-gray-900 text-left\">\n<h3 class=\"wp-block-heading\">Types of Cookies We Use<\/h3>\n<\/div><div class=\"mx-5 sm:mx-0 prose text-left mb-5\">\n<ul><div class=\"mx-5 sm:mx-0 prose text-left mb-5\">\n<li><strong>Session Cookies:<\/strong> Ensure that you do not need to log in repeatedly while browsing.<\/li>\n<\/div>\n\n<div class=\"mx-5 sm:mx-0 prose text-left mb-5\">\n<li><strong>Preference Cookies:<\/strong> Store your choices to personalize future visits.<\/li>\n<\/div>\n\n<div class=\"mx-5 sm:mx-0 prose text-left mb-5\">\n<li><strong>Advertising Cookies:<\/strong> Display relevant ads and avoid excessive repetition.<\/li>\n<\/div>\n\n<div class=\"mx-5 sm:mx-0 prose text-left mb-5\">\n<li><strong>Third Party Cookies:<\/strong> Used by partners such as Google Analytics to analyze website performance.<\/li>\n<\/div><\/ul>\n<\/div><!--advertisement--><div class=\"mx-5 sm:mx-0 sm:text-3xl text-2xl font-medium title-font mb-4 text-gray-900 text-left\">\n<h3 class=\"wp-block-heading\">How to Disable Cookies<\/h3>\n<\/div><div class=\"mx-5 sm:mx-0 prose leading-relaxed text-lg mb-5 text-left wp-paragraph\">\n<p>You can block or disable cookies from any website, including Lucrodin, at any time by adjusting your browser settings. Below are links to guides showing how to manage cookies in the main browsers:<\/p>\n<\/div><div class=\"mx-5 sm:mx-0 prose text-left mb-5\">\n<ul><div class=\"mx-5 sm:mx-0 prose text-left mb-5\">\n<li><a href=\"https:\/\/support.google.com\/accounts\/answer\/61416?hl=en\">Google Chrome<\/a><\/li>\n<\/div>\n\n<div class=\"mx-5 sm:mx-0 prose text-left mb-5\">\n<li><a href=\"https:\/\/support.mozilla.org\/en-US\/kb\/enhanced-tracking-protection-firefox-desktop?redirectlocale=en-US&amp;redirectslug=enable-and-disable-cookies-website-preferences\">Firefox<\/a><\/li>\n<\/div>\n\n<div class=\"mx-5 sm:mx-0 prose text-left mb-5\">\n<li><a href=\"https:\/\/support.microsoft.com\/pt-br\/help\/17442\/windows-internet-explorer-delete-manage-cookies\">Microsoft Edge<\/a><\/li>\n<\/div>\n\n<div class=\"mx-5 sm:mx-0 prose text-left mb-5\">\n<li><a href=\"https:\/\/blogs.opera.com\/news\/2015\/08\/how-to-manage-cookies-in-opera\/\">Opera<\/a><\/li>\n<\/div>\n\n<div class=\"mx-5 sm:mx-0 prose text-left mb-5\">\n<li><a href=\"https:\/\/support.apple.com\/pt-br\/guide\/safari\/sfri11471\/mac\">Safari&nbsp;<\/a><\/li>\n<\/div><\/ul>\n<\/div><div class=\"mx-5 sm:mx-0 prose leading-relaxed text-lg mb-5 text-left wp-paragraph\">\n<p>Additionally, to opt out of personalized ads from Google, you can adjust your preferences in the&nbsp;<a style=\" color:;\" href=\"https:\/\/myadcenter.google.com\/home?sasb=true&amp;ref=ad-settings\">Google Ads Settings<\/a>. If you prefer to opt out of personalized ads from other providers, visit&nbsp;<a style=\" color:;\" href=\"http:\/\/www.aboutads.info\/\">www.aboutads.info<\/a>, where you will find detailed instructions for managing your advertising preferences across different platforms.<\/p>\n<\/div><div class=\"mx-5 sm:mx-0 prose text-left mb-5\">\n<hr class=\"wp-block-separator has-alpha-channel-opacity\" \/>\n<\/div><!--advertisement--><div class=\"mx-5 sm:mx-0 sm:text-3xl text-2xl font-medium title-font mb-4 text-gray-900 text-left\">\n<h2 class=\"wp-block-heading\">IV. Data Protection and LGPD<\/h2>\n<\/div><div class=\"mx-5 sm:mx-0 prose leading-relaxed text-lg mb-5 text-left wp-paragraph\">\n<p><\/p>\n<\/div><!--advertisement--><div class=\"mx-5 sm:mx-0 sm:text-3xl text-2xl font-medium title-font mb-4 text-gray-900 text-left\">\n<h3 class=\"wp-block-heading\">Data Security<\/h3>\n<\/div><div class=\"mx-5 sm:mx-0 prose leading-relaxed text-lg mb-5 text-left wp-paragraph\">\n<p>We adopt robust security measures to protect your information from unauthorized access or misuse.<\/p>\n<\/div><!--advertisement--><div class=\"mx-5 sm:mx-0 sm:text-3xl text-2xl font-medium title-font mb-4 text-gray-900 text-left\">\n<h3 class=\"wp-block-heading\">LGPD Compliance<\/h3>\n<\/div><div class=\"mx-5 sm:mx-0 prose leading-relaxed text-lg mb-5 text-left wp-paragraph\">\n<p>According to the General Data Protection Law (LGPD), you have the following rights:<\/p>\n<\/div><div class=\"mx-5 sm:mx-0 prose text-left mb-5\">\n<ul><div class=\"mx-5 sm:mx-0 prose text-left mb-5\">\n<li>Request access to your data;<\/li>\n<\/div>\n\n<div class=\"mx-5 sm:mx-0 prose text-left mb-5\">\n<li>Update or correct information;<\/li>\n<\/div>\n\n<div class=\"mx-5 sm:mx-0 prose text-left mb-5\">\n<li>Request the deletion of stored personal data.<\/li>\n<\/div><\/ul>\n<\/div><div class=\"mx-5 sm:mx-0 prose leading-relaxed text-lg mb-5 text-left wp-paragraph\">\n<p>To exercise your rights, please contact us using the form at <a style=\" color:;\" href=\"https:\/\/cursosparainiciantes.com.br\/en\/contact\/\">https:\/\/cursosparainiciantes.com.br\/contact<\/a><\/p>\n<\/div><div class=\"mx-5 sm:mx-0 prose text-left mb-5\">\n<hr class=\"wp-block-separator has-alpha-channel-opacity\" \/>\n<\/div><!--advertisement--><div class=\"mx-5 sm:mx-0 sm:text-3xl text-2xl font-medium title-font mb-4 text-gray-900 text-left\">\n<h2 class=\"wp-block-heading\">V. Updates to the Privacy Policy<\/h2>\n<\/div><div class=\"mx-5 sm:mx-0 prose leading-relaxed text-lg mb-5 text-left wp-paragraph\">\n<p>This policy may be revised periodically to reflect changes in our practices or the law. We encourage users to review this page regularly.<\/p>\n<\/div><div class=\"mx-5 sm:mx-0 prose text-left mb-5\">\n<hr class=\"wp-block-separator has-alpha-channel-opacity\" \/>\n<\/div><!--advertisement--><div class=\"mx-5 sm:mx-0 sm:text-3xl text-2xl font-medium title-font mb-4 text-gray-900 text-left\">\n<h2 class=\"wp-block-heading\">VI. Contact<\/h2>\n<\/div><div class=\"mx-5 sm:mx-0 prose leading-relaxed text-lg mb-5 text-left wp-paragraph\">\n<p>For more information or clarification about this policy, please contact us using our form at:<\/p>\n<\/div><div class=\"mx-5 sm:mx-0 prose leading-relaxed text-lg mb-5 text-left wp-paragraph\">\n<p><a style=\" color:;\" href=\"https:\/\/cursosparainiciantes.com.br\/en\/contact\/\">https:\/\/cursosparainiciantes.com.br\/contact<\/a><\/p>\n<\/div>","protected":false},"excerpt":{"rendered":"<p>Updated on December 13, 2024 Introduction and Summary Cursos para Iniciantes, available at https:\/\/cursosparainiciantes.com.br, is a platform dedicated to the dissemination of content related to courses, job opportunities, study tips and information about the job market. Our goal is to offer valuable information that promotes personal and professional development, in addition to\u2026 <a class=\"more-link\" href=\"https:\/\/cursosparainiciantes.com.br\/en\/privacy\/\">Continue reading <span class=\"screen-reader-text\">Privacy Policy<\/span><\/a><\/p>","protected":false},"author":79,"featured_media":0,"parent":0,"menu_order":0,"comment_status":"closed","ping_status":"closed","template":"","meta":{"footnotes":""},"yoast_head":"<!-- This site is optimized with the Yoast SEO plugin v23.3 - https:\/\/yoast.com\/wordpress\/plugins\/seo\/ -->\n<title>Pol\u00edtica de Privacidade - Cursos para iniciantes<\/title>\n<meta name=\"robots\" content=\"index, follow, max-snippet:-1, max-image-preview:large, max-video-preview:-1\" \/>\n<link rel=\"canonical\" href=\"https:\/\/cursosparainiciantes.com.br\/en\/privacy\/\" \/>\n<meta property=\"og:locale\" content=\"en_US\" \/>\n<meta property=\"og:type\" content=\"article\" \/>\n<meta property=\"og:title\" content=\"Pol\u00edtica de Privacidade - Cursos para iniciantes\" \/>\n<meta property=\"og:description\" content=\"Atualizada em 13 de Dezembro de 2024 Introdu\u00e7\u00e3o e Sum\u00e1rio O Cursos para Iniciantes, acess\u00edvel em https:\/\/cursosparainiciantes.com.br, \u00e9 uma plataforma voltada \u00e0 divulga\u00e7\u00e3o de conte\u00fados relacionados a cursos, oportunidades de emprego, dicas de estudos e informa\u00e7\u00f5es sobre o mercado de trabalho. Nosso objetivo \u00e9 oferecer informa\u00e7\u00f5es valiosas que promovam o desenvolvimento pessoal e profissional, al\u00e9m&hellip; Continue reading Pol\u00edtica de Privacidade\" \/>\n<meta property=\"og:url\" content=\"https:\/\/cursosparainiciantes.com.br\/en\/privacy\/\" \/>\n<meta property=\"og:site_name\" content=\"Cursos para iniciantes\" \/>\n<meta property=\"article:modified_time\" content=\"2024-12-13T20:55:49+00:00\" \/>\n<meta name=\"twitter:card\" content=\"summary_large_image\" \/>\n<meta name=\"twitter:label1\" content=\"Est. reading time\" \/>\n\t<meta name=\"twitter:data1\" content=\"5 minutes\" \/>\n<script type=\"application\/ld+json\" class=\"yoast-schema-graph\">{\"@context\":\"https:\/\/schema.org\",\"@graph\":[{\"@type\":\"WebPage\",\"@id\":\"https:\/\/cursosparainiciantes.com.br\/privacy\/\",\"url\":\"https:\/\/cursosparainiciantes.com.br\/privacy\/\",\"name\":\"Pol\u00edtica de Privacidade - Cursos para iniciantes\",\"isPartOf\":{\"@id\":\"https:\/\/cursosparainiciantes.com.br\/#website\"},\"datePublished\":\"2024-12-13T20:24:01+00:00\",\"dateModified\":\"2024-12-13T20:55:49+00:00\",\"breadcrumb\":{\"@id\":\"https:\/\/cursosparainiciantes.com.br\/privacy\/#breadcrumb\"},\"inLanguage\":\"en-US\",\"potentialAction\":[{\"@type\":\"ReadAction\",\"target\":[\"https:\/\/cursosparainiciantes.com.br\/privacy\/\"]}]},{\"@type\":\"BreadcrumbList\",\"@id\":\"https:\/\/cursosparainiciantes.com.br\/privacy\/#breadcrumb\",\"itemListElement\":[{\"@type\":\"ListItem\",\"position\":1,\"name\":\"Home\",\"item\":\"https:\/\/cursosparainiciantes.com.br\/\"},{\"@type\":\"ListItem\",\"position\":2,\"name\":\"Pol\u00edtica de Privacidade\"}]},{\"@type\":\"WebSite\",\"@id\":\"https:\/\/cursosparainiciantes.com.br\/#website\",\"url\":\"https:\/\/cursosparainiciantes.com.br\/\",\"name\":\"Cursos para iniciantes\",\"description\":\"\",\"publisher\":{\"@id\":\"https:\/\/cursosparainiciantes.com.br\/#organization\"},\"potentialAction\":[{\"@type\":\"SearchAction\",\"target\":{\"@type\":\"EntryPoint\",\"urlTemplate\":\"https:\/\/cursosparainiciantes.com.br\/?s={search_term_string}\"},\"query-input\":\"required name=search_term_string\"}],\"inLanguage\":\"en-US\"},{\"@type\":\"Organization\",\"@id\":\"https:\/\/cursosparainiciantes.com.br\/#organization\",\"name\":\"Cursos para iniciantes\",\"url\":\"https:\/\/cursosparainiciantes.com.br\/\",\"logo\":{\"@type\":\"ImageObject\",\"inLanguage\":\"en-US\",\"@id\":\"https:\/\/cursosparainiciantes.com.br\/#\/schema\/logo\/image\/\",\"url\":\"https:\/\/cursosparainiciantes.com.br\/wp-content\/uploads\/sites\/134\/2024\/12\/cropped-logo-curso-para-inciantes.png\",\"contentUrl\":\"https:\/\/cursosparainiciantes.com.br\/wp-content\/uploads\/sites\/134\/2024\/12\/cropped-logo-curso-para-inciantes.png\",\"width\":512,\"height\":512,\"caption\":\"Cursos para iniciantes\"},\"image\":{\"@id\":\"https:\/\/cursosparainiciantes.com.br\/#\/schema\/logo\/image\/\"}}]}<\/script>\n<!-- \/ Yoast SEO plugin. -->","yoast_head_json":{"title":"Pol\u00edtica de Privacidade - Cursos para iniciantes","robots":{"index":"index","follow":"follow","max-snippet":"max-snippet:-1","max-image-preview":"max-image-preview:large","max-video-preview":"max-video-preview:-1"},"canonical":"https:\/\/cursosparainiciantes.com.br\/en\/privacy\/","og_locale":"en_US","og_type":"article","og_title":"Pol\u00edtica de Privacidade - Cursos para iniciantes","og_description":"Atualizada em 13 de Dezembro de 2024 Introdu\u00e7\u00e3o e Sum\u00e1rio O Cursos para Iniciantes, acess\u00edvel em https:\/\/cursosparainiciantes.com.br, \u00e9 uma plataforma voltada \u00e0 divulga\u00e7\u00e3o de conte\u00fados relacionados a cursos, oportunidades de emprego, dicas de estudos e informa\u00e7\u00f5es sobre o mercado de trabalho. Nosso objetivo \u00e9 oferecer informa\u00e7\u00f5es valiosas que promovam o desenvolvimento pessoal e profissional, al\u00e9m&hellip; Continue reading Pol\u00edtica de Privacidade","og_url":"https:\/\/cursosparainiciantes.com.br\/en\/privacy\/","og_site_name":"Cursos para iniciantes","article_modified_time":"2024-12-13T20:55:49+00:00","twitter_card":"summary_large_image","twitter_misc":{"Est. reading time":"5 minutes"},"schema":{"@context":"https:\/\/schema.org","@graph":[{"@type":"WebPage","@id":"https:\/\/cursosparainiciantes.com.br\/privacy\/","url":"https:\/\/cursosparainiciantes.com.br\/privacy\/","name":"Pol\u00edtica de Privacidade - Cursos para iniciantes","isPartOf":{"@id":"https:\/\/cursosparainiciantes.com.br\/#website"},"datePublished":"2024-12-13T20:24:01+00:00","dateModified":"2024-12-13T20:55:49+00:00","breadcrumb":{"@id":"https:\/\/cursosparainiciantes.com.br\/privacy\/#breadcrumb"},"inLanguage":"en-US","potentialAction":[{"@type":"ReadAction","target":["https:\/\/cursosparainiciantes.com.br\/privacy\/"]}]},{"@type":"BreadcrumbList","@id":"https:\/\/cursosparainiciantes.com.br\/privacy\/#breadcrumb","itemListElement":[{"@type":"ListItem","position":1,"name":"Home","item":"https:\/\/cursosparainiciantes.com.br\/"},{"@type":"ListItem","position":2,"name":"Pol\u00edtica de Privacidade"}]},{"@type":"WebSite","@id":"https:\/\/cursosparainiciantes.com.br\/#website","url":"https:\/\/cursosparainiciantes.com.br\/","name":"Cursos para iniciantes","description":"","publisher":{"@id":"https:\/\/cursosparainiciantes.com.br\/#organization"},"potentialAction":[{"@type":"SearchAction","target":{"@type":"EntryPoint","urlTemplate":"https:\/\/cursosparainiciantes.com.br\/?s={search_term_string}"},"query-input":"required name=search_term_string"}],"inLanguage":"en-US"},{"@type":"Organization","@id":"https:\/\/cursosparainiciantes.com.br\/#organization","name":"Cursos para iniciantes","url":"https:\/\/cursosparainiciantes.com.br\/","logo":{"@type":"ImageObject","inLanguage":"en-US","@id":"https:\/\/cursosparainiciantes.com.br\/#\/schema\/logo\/image\/","url":"https:\/\/cursosparainiciantes.com.br\/wp-content\/uploads\/sites\/134\/2024\/12\/cropped-logo-curso-para-inciantes.png","contentUrl":"https:\/\/cursosparainiciantes.com.br\/wp-content\/uploads\/sites\/134\/2024\/12\/cropped-logo-curso-para-inciantes.png","width":512,"height":512,"caption":"Cursos para iniciantes"},"image":{"@id":"https:\/\/cursosparainiciantes.com.br\/#\/schema\/logo\/image\/"}}]}},"_links":{"self":[{"href":"https:\/\/cursosparainiciantes.com.br\/en\/wp-json\/wp\/v2\/pages\/92"}],"collection":[{"href":"https:\/\/cursosparainiciantes.com.br\/en\/wp-json\/wp\/v2\/pages"}],"about":[{"href":"https:\/\/cursosparainiciantes.com.br\/en\/wp-json\/wp\/v2\/types\/page"}],"author":[{"embeddable":true,"href":"https:\/\/cursosparainiciantes.com.br\/en\/wp-json\/wp\/v2\/users\/79"}],"replies":[{"embeddable":true,"href":"https:\/\/cursosparainiciantes.com.br\/en\/wp-json\/wp\/v2\/comments?post=92"}],"version-history":[{"count":2,"href":"https:\/\/cursosparainiciantes.com.br\/en\/wp-json\/wp\/v2\/pages\/92\/revisions"}],"predecessor-version":[{"id":102,"href":"https:\/\/cursosparainiciantes.com.br\/en\/wp-json\/wp\/v2\/pages\/92\/revisions\/102"}],"wp:attachment":[{"href":"https:\/\/cursosparainiciantes.com.br\/en\/wp-json\/wp\/v2\/media?parent=92"}],"curies":[{"name":"wp","href":"https:\/\/api.w.org\/{rel}","templated":true}]}}